{"id":11,"date":"2021-11-04T10:21:32","date_gmt":"2021-11-04T10:21:32","guid":{"rendered":"https:\/\/navitec.cfolks.pl\/index.php\/services\/"},"modified":"2025-05-28T12:09:24","modified_gmt":"2025-05-28T12:09:24","slug":"aktualnosci","status":"publish","type":"page","link":"https:\/\/navitec.pl\/index.php\/aktualnosci\/","title":{"rendered":"Aktualno\u015bci"},"content":{"rendered":"\t\t<div data-elementor-type=\"wp-page\" data-elementor-id=\"11\" class=\"elementor elementor-11\">\n\t\t\t\t\t\t<section class=\"elementor-section elementor-top-section elementor-element elementor-element-676f307 elementor-section-boxed elementor-section-height-default elementor-section-height-default\" data-id=\"676f307\" data-element_type=\"section\" data-settings=\"{&quot;background_background&quot;:&quot;classic&quot;}\">\n\t\t\t\t\t\t\t<div class=\"elementor-background-overlay\"><\/div>\n\t\t\t\t\t\t\t<div class=\"elementor-container elementor-column-gap-no\">\n\t\t\t\t\t<div class=\"elementor-column elementor-col-100 elementor-top-column elementor-element elementor-element-cfd909f\" data-id=\"cfd909f\" data-element_type=\"column\">\n\t\t\t<div class=\"elementor-widget-wrap elementor-element-populated\">\n\t\t\t\t\t\t<div class=\"elementor-element elementor-element-fd6730a elementor-widget elementor-widget-heading\" data-id=\"fd6730a\" data-element_type=\"widget\" data-widget_type=\"heading.default\">\n\t\t\t\t<div class=\"elementor-widget-container\">\n\t\t\t<style>\/*! elementor - v3.23.0 - 05-08-2024 *\/\n.elementor-heading-title{padding:0;margin:0;line-height:1}.elementor-widget-heading .elementor-heading-title[class*=elementor-size-]>a{color:inherit;font-size:inherit;line-height:inherit}.elementor-widget-heading .elementor-heading-title.elementor-size-small{font-size:15px}.elementor-widget-heading .elementor-heading-title.elementor-size-medium{font-size:19px}.elementor-widget-heading .elementor-heading-title.elementor-size-large{font-size:29px}.elementor-widget-heading .elementor-heading-title.elementor-size-xl{font-size:39px}.elementor-widget-heading .elementor-heading-title.elementor-size-xxl{font-size:59px}<\/style><h1 class=\"elementor-heading-title elementor-size-default\">Oferta<\/h1>\t\t<\/div>\n\t\t\t\t<\/div>\n\t\t\t\t\t<\/div>\n\t\t<\/div>\n\t\t\t\t\t<\/div>\n\t\t<\/section>\n\t\t\t\t<section class=\"elementor-section elementor-top-section elementor-element elementor-element-0613b57 elementor-section-boxed elementor-section-height-default elementor-section-height-default\" data-id=\"0613b57\" data-element_type=\"section\">\n\t\t\t\t\t\t<div class=\"elementor-container elementor-column-gap-default\">\n\t\t\t\t\t<div class=\"elementor-column elementor-col-100 elementor-top-column elementor-element elementor-element-51b4469\" data-id=\"51b4469\" data-element_type=\"column\">\n\t\t\t<div class=\"elementor-widget-wrap elementor-element-populated\">\n\t\t\t\t\t\t<div class=\"elementor-element elementor-element-30ea0a5 elementor-widget elementor-widget-image\" data-id=\"30ea0a5\" data-element_type=\"widget\" data-widget_type=\"image.default\">\n\t\t\t\t<div class=\"elementor-widget-container\">\n\t\t\t<style>\/*! elementor - v3.23.0 - 05-08-2024 *\/\n.elementor-widget-image{text-align:center}.elementor-widget-image a{display:inline-block}.elementor-widget-image a img[src$=\".svg\"]{width:48px}.elementor-widget-image img{vertical-align:middle;display:inline-block}<\/style>\t\t\t\t\t\t\t\t\t\t<img fetchpriority=\"high\" decoding=\"async\" width=\"1475\" height=\"209\" src=\"https:\/\/navitec.pl\/wp-content\/uploads\/2025\/05\/WhatsApp-Image-2025-04-06-at-19.39.22.jpeg\" class=\"attachment-1536x1536 size-1536x1536 wp-image-1039\" alt=\"\" srcset=\"https:\/\/navitec.pl\/wp-content\/uploads\/2025\/05\/WhatsApp-Image-2025-04-06-at-19.39.22.jpeg 1475w, https:\/\/navitec.pl\/wp-content\/uploads\/2025\/05\/WhatsApp-Image-2025-04-06-at-19.39.22-300x43.jpeg 300w, https:\/\/navitec.pl\/wp-content\/uploads\/2025\/05\/WhatsApp-Image-2025-04-06-at-19.39.22-1024x145.jpeg 1024w, https:\/\/navitec.pl\/wp-content\/uploads\/2025\/05\/WhatsApp-Image-2025-04-06-at-19.39.22-768x109.jpeg 768w\" sizes=\"(max-width: 1475px) 100vw, 1475px\" \/>\t\t\t\t\t\t\t\t\t\t\t\t\t<\/div>\n\t\t\t\t<\/div>\n\t\t\t\t\t<\/div>\n\t\t<\/div>\n\t\t\t\t\t<\/div>\n\t\t<\/section>\n\t\t\t\t<section class=\"elementor-section elementor-top-section elementor-element elementor-element-f471d9f elementor-section-boxed elementor-section-height-default elementor-section-height-default\" data-id=\"f471d9f\" data-element_type=\"section\">\n\t\t\t\t\t\t<div class=\"elementor-container elementor-column-gap-default\">\n\t\t\t\t\t<div class=\"elementor-column elementor-col-100 elementor-top-column elementor-element elementor-element-70a4448\" data-id=\"70a4448\" data-element_type=\"column\">\n\t\t\t<div class=\"elementor-widget-wrap elementor-element-populated\">\n\t\t\t\t\t\t<div class=\"elementor-element elementor-element-87c10fe elementor-widget elementor-widget-text-editor\" data-id=\"87c10fe\" data-element_type=\"widget\" data-widget_type=\"text-editor.default\">\n\t\t\t\t<div class=\"elementor-widget-container\">\n\t\t\t<style>\/*! elementor - v3.23.0 - 05-08-2024 *\/\n.elementor-widget-text-editor.elementor-drop-cap-view-stacked .elementor-drop-cap{background-color:#69727d;color:#fff}.elementor-widget-text-editor.elementor-drop-cap-view-framed .elementor-drop-cap{color:#69727d;border:3px solid;background-color:transparent}.elementor-widget-text-editor:not(.elementor-drop-cap-view-default) .elementor-drop-cap{margin-top:8px}.elementor-widget-text-editor:not(.elementor-drop-cap-view-default) .elementor-drop-cap-letter{width:1em;height:1em}.elementor-widget-text-editor .elementor-drop-cap{float:left;text-align:center;line-height:1;font-size:50px}.elementor-widget-text-editor .elementor-drop-cap-letter{display:inline-block}<\/style>\t\t\t\t<h2 class=\"s3\"><span class=\"s2\">Navitec \u2013 Tw\u00f3j partner w lotnictwie od 2006 roku<\/span><\/h2><p>Od blisko dw\u00f3ch dekad Navitec Sp. z o.o. nieustannie wyznacza standardy w bran\u017cy lotniczej, dostarczaj\u0105c zaawansowane rozwi\u0105zania dla sektora wojskowego i cywilnego. Nasza pasja do lotnictwa, poparta wieloletnim do\u015bwiadczeniem i nieustannym d\u0105\u017ceniem do doskona\u0142o\u015bci, pozwala nam oferowa\u0107 kompleksowe us\u0142ugi na najwy\u017cszym poziomie.<br \/><br \/>Wsp\u00f3\u0142pracujemy z kluczowymi instytucjami pa\u0144stwowymi, Si\u0142ami Powietrznymi, Marynark\u0105 Wojenn\u0105, Policj\u0105 oraz mi\u0119dzynarodowymi zak\u0142adami remontowymi. Jako pionierzy we wdra\u017caniu nowych technologii, \u015bci\u015ble wsp\u00f3\u0142pracujemy z liderami bran\u017cy lotniczej z Wielkiej Brytanii, Niemiec, Czech i Izraela. Dzi\u0119ki temu nasi klienci maj\u0105 dost\u0119p do najbardziej zaawansowanych rozwi\u0105za\u0144 dost\u0119pnych na rynku.<\/p><h2 class=\"s5\"><span class=\"s4\">Nasza oferta<\/span><\/h2><p>\u2022 Kompleksowe dostawy sprz\u0119tu i cz\u0119\u015bci zamiennych<br \/>\u2022 Modernizacja i remonty lotnicze<br \/>\u2022 Zaawansowane szkolenia lotnicze<br \/>\u2022 Doradztwo i innowacyjne rozwi\u0105zania dla lotnictwa<\/p><h2 class=\"s5\"><span class=\"s4\">Dlaczego warto nam zaufa\u0107?<\/span><\/h2><p>\u2714 Blisko 20 lat do\u015bwiadczenia w bran\u017cy lotniczej<br \/>\u2714 Zaawansowane technologie i innowacyjne rozwi\u0105zania<br \/>\u2714 \u015awiatowej klasy partnerzy i certyfikowane us\u0142ugi<br \/>\u2714 Mi\u0119dzynarodowa wsp\u00f3\u0142praca z liderami z Wielkiej Brytanii, Niemiec, Czech i Izraela<br \/>\u2714 Elastyczno\u015b\u0107 i indywidualne podej\u015bcie do ka\u017cdego projektu<\/p><p>Zapraszamy do wsp\u00f3\u0142pracy \u2013 razem wzniesiemy lotnictwo na wy\u017cszy poziom!<\/p>\t\t\t\t\t\t<\/div>\n\t\t\t\t<\/div>\n\t\t\t\t\t<\/div>\n\t\t<\/div>\n\t\t\t\t\t<\/div>\n\t\t<\/section>\n\t\t\t\t<section class=\"elementor-section elementor-top-section elementor-element elementor-element-ac1f8a0 elementor-section-boxed elementor-section-height-default elementor-section-height-default\" data-id=\"ac1f8a0\" data-element_type=\"section\">\n\t\t\t\t\t\t<div class=\"elementor-container elementor-column-gap-default\">\n\t\t\t\t\t<div class=\"elementor-column elementor-col-100 elementor-top-column elementor-element elementor-element-649195b\" data-id=\"649195b\" data-element_type=\"column\">\n\t\t\t<div class=\"elementor-widget-wrap elementor-element-populated\">\n\t\t\t\t\t\t<div class=\"elementor-element elementor-element-105c9ea elementor-widget elementor-widget-image\" data-id=\"105c9ea\" data-element_type=\"widget\" data-widget_type=\"image.default\">\n\t\t\t\t<div class=\"elementor-widget-container\">\n\t\t\t\t\t\t\t\t\t\t\t\t\t<img decoding=\"async\" width=\"1474\" height=\"225\" src=\"https:\/\/navitec.pl\/wp-content\/uploads\/2025\/05\/WhatsApp-Image-2025-04-06-at-19.39.33.jpeg\" class=\"attachment-1536x1536 size-1536x1536 wp-image-1040\" alt=\"\" srcset=\"https:\/\/navitec.pl\/wp-content\/uploads\/2025\/05\/WhatsApp-Image-2025-04-06-at-19.39.33.jpeg 1474w, https:\/\/navitec.pl\/wp-content\/uploads\/2025\/05\/WhatsApp-Image-2025-04-06-at-19.39.33-300x46.jpeg 300w, https:\/\/navitec.pl\/wp-content\/uploads\/2025\/05\/WhatsApp-Image-2025-04-06-at-19.39.33-1024x156.jpeg 1024w, https:\/\/navitec.pl\/wp-content\/uploads\/2025\/05\/WhatsApp-Image-2025-04-06-at-19.39.33-768x117.jpeg 768w\" sizes=\"(max-width: 1474px) 100vw, 1474px\" \/>\t\t\t\t\t\t\t\t\t\t\t\t\t<\/div>\n\t\t\t\t<\/div>\n\t\t\t\t\t<\/div>\n\t\t<\/div>\n\t\t\t\t\t<\/div>\n\t\t<\/section>\n\t\t\t\t<section class=\"elementor-section elementor-top-section elementor-element elementor-element-13fd8d8 elementor-section-boxed elementor-section-height-default elementor-section-height-default\" data-id=\"13fd8d8\" data-element_type=\"section\">\n\t\t\t\t\t\t<div class=\"elementor-container elementor-column-gap-default\">\n\t\t\t\t\t<div class=\"elementor-column elementor-col-100 elementor-top-column elementor-element elementor-element-2a8e893\" data-id=\"2a8e893\" data-element_type=\"column\">\n\t\t\t<div class=\"elementor-widget-wrap elementor-element-populated\">\n\t\t\t\t\t\t<div class=\"elementor-element elementor-element-4e9a21d elementor-widget-divider--view-line elementor-widget elementor-widget-divider\" data-id=\"4e9a21d\" data-element_type=\"widget\" data-widget_type=\"divider.default\">\n\t\t\t\t<div class=\"elementor-widget-container\">\n\t\t\t<style>\/*! elementor - v3.23.0 - 05-08-2024 *\/\n.elementor-widget-divider{--divider-border-style:none;--divider-border-width:1px;--divider-color:#0c0d0e;--divider-icon-size:20px;--divider-element-spacing:10px;--divider-pattern-height:24px;--divider-pattern-size:20px;--divider-pattern-url:none;--divider-pattern-repeat:repeat-x}.elementor-widget-divider .elementor-divider{display:flex}.elementor-widget-divider .elementor-divider__text{font-size:15px;line-height:1;max-width:95%}.elementor-widget-divider .elementor-divider__element{margin:0 var(--divider-element-spacing);flex-shrink:0}.elementor-widget-divider .elementor-icon{font-size:var(--divider-icon-size)}.elementor-widget-divider .elementor-divider-separator{display:flex;margin:0;direction:ltr}.elementor-widget-divider--view-line_icon .elementor-divider-separator,.elementor-widget-divider--view-line_text .elementor-divider-separator{align-items:center}.elementor-widget-divider--view-line_icon .elementor-divider-separator:after,.elementor-widget-divider--view-line_icon .elementor-divider-separator:before,.elementor-widget-divider--view-line_text .elementor-divider-separator:after,.elementor-widget-divider--view-line_text .elementor-divider-separator:before{display:block;content:\"\";border-block-end:0;flex-grow:1;border-block-start:var(--divider-border-width) var(--divider-border-style) var(--divider-color)}.elementor-widget-divider--element-align-left .elementor-divider .elementor-divider-separator>.elementor-divider__svg:first-of-type{flex-grow:0;flex-shrink:100}.elementor-widget-divider--element-align-left .elementor-divider-separator:before{content:none}.elementor-widget-divider--element-align-left .elementor-divider__element{margin-left:0}.elementor-widget-divider--element-align-right .elementor-divider .elementor-divider-separator>.elementor-divider__svg:last-of-type{flex-grow:0;flex-shrink:100}.elementor-widget-divider--element-align-right .elementor-divider-separator:after{content:none}.elementor-widget-divider--element-align-right .elementor-divider__element{margin-right:0}.elementor-widget-divider--element-align-start .elementor-divider .elementor-divider-separator>.elementor-divider__svg:first-of-type{flex-grow:0;flex-shrink:100}.elementor-widget-divider--element-align-start .elementor-divider-separator:before{content:none}.elementor-widget-divider--element-align-start .elementor-divider__element{margin-inline-start:0}.elementor-widget-divider--element-align-end .elementor-divider .elementor-divider-separator>.elementor-divider__svg:last-of-type{flex-grow:0;flex-shrink:100}.elementor-widget-divider--element-align-end .elementor-divider-separator:after{content:none}.elementor-widget-divider--element-align-end .elementor-divider__element{margin-inline-end:0}.elementor-widget-divider:not(.elementor-widget-divider--view-line_text):not(.elementor-widget-divider--view-line_icon) .elementor-divider-separator{border-block-start:var(--divider-border-width) var(--divider-border-style) var(--divider-color)}.elementor-widget-divider--separator-type-pattern{--divider-border-style:none}.elementor-widget-divider--separator-type-pattern.elementor-widget-divider--view-line .elementor-divider-separator,.elementor-widget-divider--separator-type-pattern:not(.elementor-widget-divider--view-line) .elementor-divider-separator:after,.elementor-widget-divider--separator-type-pattern:not(.elementor-widget-divider--view-line) .elementor-divider-separator:before,.elementor-widget-divider--separator-type-pattern:not([class*=elementor-widget-divider--view]) .elementor-divider-separator{width:100%;min-height:var(--divider-pattern-height);-webkit-mask-size:var(--divider-pattern-size) 100%;mask-size:var(--divider-pattern-size) 100%;-webkit-mask-repeat:var(--divider-pattern-repeat);mask-repeat:var(--divider-pattern-repeat);background-color:var(--divider-color);-webkit-mask-image:var(--divider-pattern-url);mask-image:var(--divider-pattern-url)}.elementor-widget-divider--no-spacing{--divider-pattern-size:auto}.elementor-widget-divider--bg-round{--divider-pattern-repeat:round}.rtl .elementor-widget-divider .elementor-divider__text{direction:rtl}.e-con-inner>.elementor-widget-divider,.e-con>.elementor-widget-divider{width:var(--container-widget-width,100%);--flex-grow:var(--container-widget-flex-grow)}<\/style>\t\t<div class=\"elementor-divider\">\n\t\t\t<span class=\"elementor-divider-separator\">\n\t\t\t\t\t\t<\/span>\n\t\t<\/div>\n\t\t\t\t<\/div>\n\t\t\t\t<\/div>\n\t\t\t\t<div class=\"elementor-element elementor-element-d6b0649 elementor-widget elementor-widget-text-editor\" data-id=\"d6b0649\" data-element_type=\"widget\" data-widget_type=\"text-editor.default\">\n\t\t\t\t<div class=\"elementor-widget-container\">\n\t\t\t\t\t\t\t<h2 class=\"s3\"><span class=\"s2\">Navitec Protection \u2013 Zaawansowane Rozwi\u0105zania dla Sektora Obronnego<\/span><\/h2><p>Navitec Protection to nowa submarka firmy Navitec Sp. z o.o., dedykowana produktom i rozwi\u0105zaniom dla sektora obronnego, wykraczaj\u0105cym poza lotnictwo. W odpowiedzi na rosn\u0105ce zagro\u017cenia wsp\u00f3\u0142czesnego \u015bwiata, dostarczamy najnowocze\u015bniejsze technologie i sprz\u0119t zwi\u0119kszaj\u0105cy bezpiecze\u0144stwo s\u0142u\u017cb mundurowych, jednostek specjalnych oraz infrastruktury krytycznej.<\/p><h2 class=\"s5\"><span class=\"s4\">Nasza oferta<\/span><\/h2><p>\u2714 Ochrona osobista \u2013 balistyczne kamizelki ochronne, he\u0142my, tarcze oraz inne rozwi\u0105zania dla s\u0142u\u017cb wojskowych i policyjnych<br \/>\u2714 Systemy antydronowe \u2013 detekcja, neutralizacja i ochrona przed zagro\u017ceniami z powietrza<br \/>\u2714 Bezpieczne \u015brodki \u0142\u0105czno\u015bci \u2013 szyfrowane systemy \u0142\u0105czno\u015bci dla wojska, s\u0142u\u017cb specjalnych i administracji<br \/>\u2714 Noktowizja i termowizja (NVG) \u2013 najnowocze\u015bniejsze urz\u0105dzenia zwi\u0119kszaj\u0105ce zdolno\u015bci operacyjne w trudnych warunkach<br \/>\u2714 Pojazdy opancerzone \u2013 specjalistyczne pojazdy zapewniaj\u0105ce ochron\u0119 w najbardziej wymagaj\u0105cych sytuacjach<\/p><h2 class=\"s5\"><span class=\"s4\">Dlaczego Navitec Protection?<\/span><\/h2><p>Od 2006 roku dostarczamy rozwi\u0105zania dla sektora obronnego i lotnictwa, \u015bci\u015ble wsp\u00f3\u0142pracuj\u0105c z liderami rynku z Wielkiej Brytanii, Niemiec, Czech i Izraela. Nasze produkty spe\u0142niaj\u0105 najwy\u017csze standardy jako\u015bci i s\u0105 wdra\u017cane przez s\u0142u\u017cby na ca\u0142ym \u015bwiecie.<\/p><p>Navitec Protection \u2013 nowy wymiar bezpiecze\u0144stwa.<\/p>\t\t\t\t\t\t<\/div>\n\t\t\t\t<\/div>\n\t\t\t\t\t<\/div>\n\t\t<\/div>\n\t\t\t\t\t<\/div>\n\t\t<\/section>\n\t\t\t\t<\/div>\n\t\t","protected":false},"excerpt":{"rendered":"<p>Oferta Navitec \u2013 Tw\u00f3j partner w lotnictwie od 2006 roku Od blisko dw\u00f3ch dekad Navitec Sp. z o.o. nieustannie wyznacza standardy w bran\u017cy lotniczej, dostarczaj\u0105c zaawansowane rozwi\u0105zania dla sektora wojskowego i cywilnego. Nasza pasja do lotnictwa, poparta wieloletnim do\u015bwiadczeniem i nieustannym d\u0105\u017ceniem do doskona\u0142o\u015bci, pozwala nam oferowa\u0107 kompleksowe us\u0142ugi na najwy\u017cszym poziomie. Wsp\u00f3\u0142pracujemy z kluczowymi [&hellip;]<\/p>\n","protected":false},"author":1,"featured_media":0,"parent":0,"menu_order":0,"comment_status":"closed","ping_status":"closed","template":"","meta":{"site-sidebar-layout":"no-sidebar","site-content-layout":"page-builder","ast-site-content-layout":"full-width-container","site-content-style":"unboxed","site-sidebar-style":"unboxed","ast-global-header-display":"","ast-banner-title-visibility":"","ast-main-header-display":"","ast-hfb-above-header-display":"","ast-hfb-below-header-display":"","ast-hfb-mobile-header-display":"","site-post-title":"disabled","ast-breadcrumbs-content":"disabled","ast-featured-img":"disabled","footer-sml-layout":"","theme-transparent-header-meta":"enabled","adv-header-id-meta":"","stick-header-meta":"","header-above-stick-meta":"","header-main-stick-meta":"","header-below-stick-meta":"","astra-migrate-meta-layouts":"set","ast-page-background-enabled":"default","ast-page-background-meta":{"desktop":{"background-color":"var(--ast-global-color-4)","background-image":"","background-repeat":"repeat","background-position":"center center","background-size":"auto","background-attachment":"scroll","background-type":"","background-media":"","overlay-type":"","overlay-color":"","overlay-opacity":"","overlay-gradient":""},"tablet":{"background-color":"","background-image":"","background-repeat":"repeat","background-position":"center center","background-size":"auto","background-attachment":"scroll","background-type":"","background-media":"","overlay-type":"","overlay-color":"","overlay-opacity":"","overlay-gradient":""},"mobile":{"background-color":"","background-image":"","background-repeat":"repeat","background-position":"center center","background-size":"auto","background-attachment":"scroll","background-type":"","background-media":"","overlay-type":"","overlay-color":"","overlay-opacity":"","overlay-gradient":""}},"ast-content-background-meta":{"desktop":{"background-color":"var(--ast-global-color-5)","background-image":"","background-repeat":"repeat","background-position":"center center","background-size":"auto","background-attachment":"scroll","background-type":"","background-media":"","overlay-type":"","overlay-color":"","overlay-opacity":"","overlay-gradient":""},"tablet":{"background-color":"var(--ast-global-color-5)","background-image":"","background-repeat":"repeat","background-position":"center center","background-size":"auto","background-attachment":"scroll","background-type":"","background-media":"","overlay-type":"","overlay-color":"","overlay-opacity":"","overlay-gradient":""},"mobile":{"background-color":"var(--ast-global-color-5)","background-image":"","background-repeat":"repeat","background-position":"center center","background-size":"auto","background-attachment":"scroll","background-type":"","background-media":"","overlay-type":"","overlay-color":"","overlay-opacity":"","overlay-gradient":""}},"footnotes":""},"class_list":["post-11","page","type-page","status-publish","hentry"],"_links":{"self":[{"href":"https:\/\/navitec.pl\/index.php\/wp-json\/wp\/v2\/pages\/11","targetHints":{"allow":["GET"]}}],"collection":[{"href":"https:\/\/navitec.pl\/index.php\/wp-json\/wp\/v2\/pages"}],"about":[{"href":"https:\/\/navitec.pl\/index.php\/wp-json\/wp\/v2\/types\/page"}],"author":[{"embeddable":true,"href":"https:\/\/navitec.pl\/index.php\/wp-json\/wp\/v2\/users\/1"}],"replies":[{"embeddable":true,"href":"https:\/\/navitec.pl\/index.php\/wp-json\/wp\/v2\/comments?post=11"}],"version-history":[{"count":93,"href":"https:\/\/navitec.pl\/index.php\/wp-json\/wp\/v2\/pages\/11\/revisions"}],"predecessor-version":[{"id":1057,"href":"https:\/\/navitec.pl\/index.php\/wp-json\/wp\/v2\/pages\/11\/revisions\/1057"}],"wp:attachment":[{"href":"https:\/\/navitec.pl\/index.php\/wp-json\/wp\/v2\/media?parent=11"}],"curies":[{"name":"wp","href":"https:\/\/api.w.org\/{rel}","templated":true}]}}